{"id":12,"date":"2021-05-19T07:41:02","date_gmt":"2021-05-19T07:41:02","guid":{"rendered":"https:\/\/jackofallthetrades.com\/index.php\/services\/"},"modified":"2022-12-27T21:37:49","modified_gmt":"2022-12-27T21:37:49","slug":"services","status":"publish","type":"page","link":"https:\/\/jackofallthetrades.com\/index.php\/services\/","title":{"rendered":"Angebot"},"content":{"rendered":"<style>\/*! elementor - v3.9.2 - 21-12-2022 *\/<br \/>\n.elementor-widget-divider{--divider-border-style:none;--divider-border-width:1px;--divider-color:#2c2c2c;--divider-icon-size:20px;--divider-element-spacing:10px;--divider-pattern-height:24px;--divider-pattern-size:20px;--divider-pattern-url:none;--divider-pattern-repeat:repeat-x}.elementor-widget-divider .elementor-divider{display:flex}.elementor-widget-divider .elementor-divider__text{font-size:15px;line-height:1;max-width:95%}.elementor-widget-divider .elementor-divider__element{margin:0 var(--divider-element-spacing);flex-shrink:0}.elementor-widget-divider .elementor-icon{font-size:var(--divider-icon-size)}.elementor-widget-divider .elementor-divider-separator{display:flex;margin:0;direction:ltr}.elementor-widget-divider--view-line_icon .elementor-divider-separator,.elementor-widget-divider--view-line_text .elementor-divider-separator{align-items:center}.elementor-widget-divider--view-line_icon .elementor-divider-separator:after,.elementor-widget-divider--view-line_icon .elementor-divider-separator:before,.elementor-widget-divider--view-line_text .elementor-divider-separator:after,.elementor-widget-divider--view-line_text .elementor-divider-separator:before{display:block;content:\"\";border-bottom:0;flex-grow:1;border-top:var(--divider-border-width) var(--divider-border-style) var(--divider-color)}.elementor-widget-divider--element-align-left .elementor-divider .elementor-divider-separator>.elementor-divider__svg:first-of-type{flex-grow:0;flex-shrink:100}.elementor-widget-divider--element-align-left .elementor-divider-separator:before{content:none}.elementor-widget-divider--element-align-left .elementor-divider__element{margin-left:0}.elementor-widget-divider--element-align-right .elementor-divider .elementor-divider-separator>.elementor-divider__svg:last-of-type{flex-grow:0;flex-shrink:100}.elementor-widget-divider--element-align-right .elementor-divider-separator:after{content:none}.elementor-widget-divider--element-align-right .elementor-divider__element{margin-right:0}.elementor-widget-divider:not(.elementor-widget-divider--view-line_text):not(.elementor-widget-divider--view-line_icon) .elementor-divider-separator{border-top:var(--divider-border-width) var(--divider-border-style) var(--divider-color)}.elementor-widget-divider--separator-type-pattern{--divider-border-style:none}.elementor-widget-divider--separator-type-pattern.elementor-widget-divider--view-line .elementor-divider-separator,.elementor-widget-divider--separator-type-pattern:not(.elementor-widget-divider--view-line) .elementor-divider-separator:after,.elementor-widget-divider--separator-type-pattern:not(.elementor-widget-divider--view-line) .elementor-divider-separator:before,.elementor-widget-divider--separator-type-pattern:not([class*=elementor-widget-divider--view]) .elementor-divider-separator{width:100%;min-height:var(--divider-pattern-height);-webkit-mask-size:var(--divider-pattern-size) 100%;mask-size:var(--divider-pattern-size) 100%;-webkit-mask-repeat:var(--divider-pattern-repeat);mask-repeat:var(--divider-pattern-repeat);background-color:var(--divider-color);-webkit-mask-image:var(--divider-pattern-url);mask-image:var(--divider-pattern-url)}.elementor-widget-divider--no-spacing{--divider-pattern-size:auto}.elementor-widget-divider--bg-round{--divider-pattern-repeat:round}.rtl .elementor-widget-divider .elementor-divider__text{direction:rtl}.e-con-inner>.elementor-widget-divider,.e-con>.elementor-widget-divider{width:var(--container-widget-width);--flex-grow:var(--container-widget-flex-grow)}<\/style>\n<style>\/*! elementor - v3.9.2 - 21-12-2022 *\/<br \/>\n.elementor-heading-title{padding:0;margin:0;line-height:1}.elementor-widget-heading .elementor-heading-title[class*=elementor-size-]>a{color:inherit;font-size:inherit;line-height:inherit}.elementor-widget-heading .elementor-heading-title.elementor-size-small{font-size:15px}.elementor-widget-heading .elementor-heading-title.elementor-size-medium{font-size:19px}.elementor-widget-heading .elementor-heading-title.elementor-size-large{font-size:29px}.elementor-widget-heading .elementor-heading-title.elementor-size-xl{font-size:39px}.elementor-widget-heading .elementor-heading-title.elementor-size-xxl{font-size:59px}<\/style>\n<h2>Mein Angebot<\/h2>\n<h4>Deine online kampagnen &amp; Analysen<\/h4>\n<style>\/*! elementor - v3.9.2 - 21-12-2022 *\/<br \/>\n.elementor-widget-image{text-align:center}.elementor-widget-image a{display:inline-block}.elementor-widget-image a img[src$=\".svg\"]{width:48px}.elementor-widget-image img{vertical-align:middle;display:inline-block}<\/style>\n<p>\t\t\t\t\t\t\t\t\t\t\t\t<img loading=\"lazy\" decoding=\"async\" width=\"670\" height=\"670\" src=\"https:\/\/jackofallthetrades.com\/wp-content\/uploads\/2021\/05\/bg-03-free-img.jpg\" alt=\"\" loading=\"lazy\" srcset=\"https:\/\/jackofallthetrades.com\/wp-content\/uploads\/2021\/05\/bg-03-free-img.jpg 670w, https:\/\/jackofallthetrades.com\/wp-content\/uploads\/2021\/05\/bg-03-free-img-300x300.jpg 300w, https:\/\/jackofallthetrades.com\/wp-content\/uploads\/2021\/05\/bg-03-free-img-150x150.jpg 150w\" sizes=\"(max-width: 670px) 100vw, 670px\"><\/p>\n<h3>Was ich f\u00fcr Sie t\u00fcn kann&#8230;<\/h3>\n<p>Gemeinsam betrachten wir uns deine Online-Kan\u00e4le und Website und sorgen so f\u00fcr die&nbsp;<b>Optimierung deiner Online<\/b>\u2013<b>Pr\u00e4senz<\/b>. Der richtige Mix aus Unterst\u00fctzung und&nbsp;<b>Beratung<\/b>&nbsp;hilft dir dabei, dich selbst weiter zu entwickeln und neue Perspektiven zu entdecken.&nbsp;<\/p>\n<p>Neben&nbsp;<strong>Facebook<\/strong>&nbsp;und&nbsp;<strong>Instagram<\/strong>&nbsp;<strong>Ads<\/strong>, dem Markenaufbau und der&nbsp;<b>Betreuung&nbsp;<\/b>dieser Kan\u00e4le helfe ich dir bei&nbsp;<b>LinkedIn<\/b>-Marketing sowie der&nbsp;<strong>Positionierung<\/strong>&nbsp;und der passenden&nbsp;<b>Strategiefindung<\/b>.<\/p>\n<link rel=\"stylesheet\" href=\"https:\/\/jackofallthetrades.com\/wp-content\/plugins\/elementor\/assets\/css\/widget-icon-box.min.css\">\n<h4>\n\t\t\t\t\t\tSocial Media Management<\/h4>\n<p>So if you\u2019re feeling bored and uninspired by your social media pages, aren\u2019t sure if you do or don\u2019t need it, or any other kind of issue and you simply need advice<\/p>\n<h4>\n\t\t\t\t\t\tWeb Development<\/h4>\n<p>Egal, ob du auf der Suche nach deiner Website, einer Blog-Page oder einen Webshop bist: Meine Aufgabe ist es dich auf deinem Weg zu deiner authentischen Website bestm\u00f6glich zu unterst\u00fctzen<\/p>\n<h4>\n\t\t\t\t\t\tSEO &amp; SEM<\/h4>\n<p>SEO is an online marketing investment that helps businesses establish a strong online presence and drives high traffic to their website. It is extremely important to be visible in our current dense and competitive market.<br \/>\nMurad\u2019s SEO solutions have proven to be effective among clients. Not convinced? Google our clients.<\/p>\n<h4>\n\t\t\t\t\t\tCRM<\/h4>\n<p>Managing all your company\u2019s relationships and interactions with customers and potential customers. IImprove your business relationships and make you stay connected to customers, streamline processes, and improve profitability<\/p>\n<h4>\n\t\t\t\t\t\tBranding &amp; Graphic Desin<\/h4>\n<p>A holistic 360\u00ba approach to branding to help you make the most of your brand.<br \/>\nEnsuring that everything from your leadership, culture, positioning, message, voice, visual identity, digital and brand experiences are absolutely unified<\/p>\n<h4>\n\t\t\t\t\t\tCopywriting &amp; Content Creation<\/h4>\n<p>Just like graphics, the content and your website or app design should also go hand-in-hand. So, I can help you create amazing content that complements my design and your business.<\/p>\n","protected":false},"excerpt":{"rendered":"<p>Mein Angebot Deine online kampagnen &amp; Analysen Was ich f\u00fcr Sie t\u00fcn kann&#8230; Gemeinsam betrachten wir uns deine Online-Kan\u00e4le und Website und sorgen so f\u00fcr die&nbsp;Optimierung deiner Online\u2013Pr\u00e4senz. Der richtige Mix aus Unterst\u00fctzung und&nbsp;Beratung&nbsp;hilft dir dabei, dich selbst weiter zu entwickeln und neue Perspektiven zu entdecken.&nbsp; Neben&nbsp;Facebook&nbsp;und&nbsp;Instagram&nbsp;Ads, dem Markenaufbau und der&nbsp;Betreuung&nbsp;dieser Kan\u00e4le helfe ich dir &hellip;<\/p>\n<p class=\"read-more\"> <a class=\"\" href=\"https:\/\/jackofallthetrades.com\/index.php\/services\/\"> <span class=\"screen-reader-text\">Angebot<\/span> Read More &raquo;<\/a><\/p>\n","protected":false},"author":1,"featured_media":0,"parent":0,"menu_order":0,"comment_status":"closed","ping_status":"closed","template":"","meta":{"site-sidebar-layout":"no-sidebar","site-content-layout":"page-builder","ast-global-header-display":"","ast-main-header-display":"","ast-hfb-above-header-display":"","ast-hfb-below-header-display":"","ast-hfb-mobile-header-display":"","site-post-title":"disabled","ast-breadcrumbs-content":"disabled","ast-featured-img":"disabled","footer-sml-layout":"","theme-transparent-header-meta":"enabled","adv-header-id-meta":"","stick-header-meta":"","header-above-stick-meta":"","header-main-stick-meta":"","header-below-stick-meta":""},"yoast_head":"<!-- This site is optimized with the Yoast SEO plugin v19.13 - https:\/\/yoast.com\/wordpress\/plugins\/seo\/ -->\n<title>Angebot - All Marketing trades<\/title>\n<meta name=\"robots\" content=\"index, follow, max-snippet:-1, max-image-preview:large, max-video-preview:-1\" \/>\n<link rel=\"canonical\" href=\"https:\/\/jackofallthetrades.com\/index.php\/services\/\" \/>\n<meta property=\"og:locale\" content=\"en_US\" \/>\n<meta property=\"og:type\" content=\"article\" \/>\n<meta property=\"og:title\" content=\"Angebot - All Marketing trades\" \/>\n<meta property=\"og:description\" content=\"Mein Angebot Deine online kampagnen &amp; Analysen Was ich f\u00fcr Sie t\u00fcn kann&#8230; Gemeinsam betrachten wir uns deine Online-Kan\u00e4le und Website und sorgen so f\u00fcr die&nbsp;Optimierung deiner Online\u2013Pr\u00e4senz. Der richtige Mix aus Unterst\u00fctzung und&nbsp;Beratung&nbsp;hilft dir dabei, dich selbst weiter zu entwickeln und neue Perspektiven zu entdecken.&nbsp; Neben&nbsp;Facebook&nbsp;und&nbsp;Instagram&nbsp;Ads, dem Markenaufbau und der&nbsp;Betreuung&nbsp;dieser Kan\u00e4le helfe ich dir &hellip; Angebot Read More &raquo;\" \/>\n<meta property=\"og:url\" content=\"https:\/\/jackofallthetrades.com\/index.php\/services\/\" \/>\n<meta property=\"og:site_name\" content=\"All Marketing trades\" \/>\n<meta property=\"article:publisher\" content=\"https:\/\/www.facebook.com\/faizkhan.co\" \/>\n<meta property=\"article:modified_time\" content=\"2022-12-27T21:37:49+00:00\" \/>\n<meta property=\"og:image\" content=\"https:\/\/jackofallthetrades.com\/wp-content\/uploads\/2021\/05\/bg-03-free-img.jpg\" \/>\n<meta name=\"twitter:card\" content=\"summary_large_image\" \/>\n<meta name=\"twitter:label1\" content=\"Est. reading time\" \/>\n\t<meta name=\"twitter:data1\" content=\"2 minutes\" \/>\n<script type=\"application\/ld+json\" class=\"yoast-schema-graph\">{\"@context\":\"https:\/\/schema.org\",\"@graph\":[{\"@type\":\"WebPage\",\"@id\":\"https:\/\/jackofallthetrades.com\/index.php\/services\/\",\"url\":\"https:\/\/jackofallthetrades.com\/index.php\/services\/\",\"name\":\"Angebot - All Marketing trades\",\"isPartOf\":{\"@id\":\"https:\/\/jackofallthetrades.com\/#website\"},\"datePublished\":\"2021-05-19T07:41:02+00:00\",\"dateModified\":\"2022-12-27T21:37:49+00:00\",\"breadcrumb\":{\"@id\":\"https:\/\/jackofallthetrades.com\/index.php\/services\/#breadcrumb\"},\"inLanguage\":\"en-US\",\"potentialAction\":[{\"@type\":\"ReadAction\",\"target\":[\"https:\/\/jackofallthetrades.com\/index.php\/services\/\"]}]},{\"@type\":\"BreadcrumbList\",\"@id\":\"https:\/\/jackofallthetrades.com\/index.php\/services\/#breadcrumb\",\"itemListElement\":[{\"@type\":\"ListItem\",\"position\":1,\"name\":\"Home\",\"item\":\"https:\/\/jackofallthetrades.com\/\"},{\"@type\":\"ListItem\",\"position\":2,\"name\":\"Angebot\"}]},{\"@type\":\"WebSite\",\"@id\":\"https:\/\/jackofallthetrades.com\/#website\",\"url\":\"https:\/\/jackofallthetrades.com\/\",\"name\":\"All Marketing trades\",\"description\":\"Jack of all Marketing trades\",\"publisher\":{\"@id\":\"https:\/\/jackofallthetrades.com\/#\/schema\/person\/99795899b496fa29e704a83a624c432b\"},\"potentialAction\":[{\"@type\":\"SearchAction\",\"target\":{\"@type\":\"EntryPoint\",\"urlTemplate\":\"https:\/\/jackofallthetrades.com\/?s={search_term_string}\"},\"query-input\":\"required name=search_term_string\"}],\"inLanguage\":\"en-US\"},{\"@type\":[\"Person\",\"Organization\"],\"@id\":\"https:\/\/jackofallthetrades.com\/#\/schema\/person\/99795899b496fa29e704a83a624c432b\",\"name\":\"faizkhan.on\",\"image\":{\"@type\":\"ImageObject\",\"inLanguage\":\"en-US\",\"@id\":\"https:\/\/jackofallthetrades.com\/#\/schema\/person\/image\/\",\"url\":\"https:\/\/jackofallthetrades.com\/wp-content\/uploads\/2022\/12\/bigstock-197568808.jpg\",\"contentUrl\":\"https:\/\/jackofallthetrades.com\/wp-content\/uploads\/2022\/12\/bigstock-197568808.jpg\",\"width\":1000,\"height\":500,\"caption\":\"faizkhan.on\"},\"logo\":{\"@id\":\"https:\/\/jackofallthetrades.com\/#\/schema\/person\/image\/\"},\"sameAs\":[\"https:\/\/jackofallthetrades.com\",\"https:\/\/www.facebook.com\/faizkhan.co\",\"https:\/\/www.instagram.com\/imfaizkn\/\"]}]}<\/script>\n<!-- \/ Yoast SEO plugin. -->","yoast_head_json":{"title":"Angebot - All Marketing trades","robots":{"index":"index","follow":"follow","max-snippet":"max-snippet:-1","max-image-preview":"max-image-preview:large","max-video-preview":"max-video-preview:-1"},"canonical":"https:\/\/jackofallthetrades.com\/index.php\/services\/","og_locale":"en_US","og_type":"article","og_title":"Angebot - All Marketing trades","og_description":"Mein Angebot Deine online kampagnen &amp; Analysen Was ich f\u00fcr Sie t\u00fcn kann&#8230; Gemeinsam betrachten wir uns deine Online-Kan\u00e4le und Website und sorgen so f\u00fcr die&nbsp;Optimierung deiner Online\u2013Pr\u00e4senz. Der richtige Mix aus Unterst\u00fctzung und&nbsp;Beratung&nbsp;hilft dir dabei, dich selbst weiter zu entwickeln und neue Perspektiven zu entdecken.&nbsp; Neben&nbsp;Facebook&nbsp;und&nbsp;Instagram&nbsp;Ads, dem Markenaufbau und der&nbsp;Betreuung&nbsp;dieser Kan\u00e4le helfe ich dir &hellip; Angebot Read More &raquo;","og_url":"https:\/\/jackofallthetrades.com\/index.php\/services\/","og_site_name":"All Marketing trades","article_publisher":"https:\/\/www.facebook.com\/faizkhan.co","article_modified_time":"2022-12-27T21:37:49+00:00","og_image":[{"url":"https:\/\/jackofallthetrades.com\/wp-content\/uploads\/2021\/05\/bg-03-free-img.jpg"}],"twitter_card":"summary_large_image","twitter_misc":{"Est. reading time":"2 minutes"},"schema":{"@context":"https:\/\/schema.org","@graph":[{"@type":"WebPage","@id":"https:\/\/jackofallthetrades.com\/index.php\/services\/","url":"https:\/\/jackofallthetrades.com\/index.php\/services\/","name":"Angebot - All Marketing trades","isPartOf":{"@id":"https:\/\/jackofallthetrades.com\/#website"},"datePublished":"2021-05-19T07:41:02+00:00","dateModified":"2022-12-27T21:37:49+00:00","breadcrumb":{"@id":"https:\/\/jackofallthetrades.com\/index.php\/services\/#breadcrumb"},"inLanguage":"en-US","potentialAction":[{"@type":"ReadAction","target":["https:\/\/jackofallthetrades.com\/index.php\/services\/"]}]},{"@type":"BreadcrumbList","@id":"https:\/\/jackofallthetrades.com\/index.php\/services\/#breadcrumb","itemListElement":[{"@type":"ListItem","position":1,"name":"Home","item":"https:\/\/jackofallthetrades.com\/"},{"@type":"ListItem","position":2,"name":"Angebot"}]},{"@type":"WebSite","@id":"https:\/\/jackofallthetrades.com\/#website","url":"https:\/\/jackofallthetrades.com\/","name":"All Marketing trades","description":"Jack of all Marketing trades","publisher":{"@id":"https:\/\/jackofallthetrades.com\/#\/schema\/person\/99795899b496fa29e704a83a624c432b"},"potentialAction":[{"@type":"SearchAction","target":{"@type":"EntryPoint","urlTemplate":"https:\/\/jackofallthetrades.com\/?s={search_term_string}"},"query-input":"required name=search_term_string"}],"inLanguage":"en-US"},{"@type":["Person","Organization"],"@id":"https:\/\/jackofallthetrades.com\/#\/schema\/person\/99795899b496fa29e704a83a624c432b","name":"faizkhan.on","image":{"@type":"ImageObject","inLanguage":"en-US","@id":"https:\/\/jackofallthetrades.com\/#\/schema\/person\/image\/","url":"https:\/\/jackofallthetrades.com\/wp-content\/uploads\/2022\/12\/bigstock-197568808.jpg","contentUrl":"https:\/\/jackofallthetrades.com\/wp-content\/uploads\/2022\/12\/bigstock-197568808.jpg","width":1000,"height":500,"caption":"faizkhan.on"},"logo":{"@id":"https:\/\/jackofallthetrades.com\/#\/schema\/person\/image\/"},"sameAs":["https:\/\/jackofallthetrades.com","https:\/\/www.facebook.com\/faizkhan.co","https:\/\/www.instagram.com\/imfaizkn\/"]}]}},"_links":{"self":[{"href":"https:\/\/jackofallthetrades.com\/index.php\/wp-json\/wp\/v2\/pages\/12"}],"collection":[{"href":"https:\/\/jackofallthetrades.com\/index.php\/wp-json\/wp\/v2\/pages"}],"about":[{"href":"https:\/\/jackofallthetrades.com\/index.php\/wp-json\/wp\/v2\/types\/page"}],"author":[{"embeddable":true,"href":"https:\/\/jackofallthetrades.com\/index.php\/wp-json\/wp\/v2\/users\/1"}],"replies":[{"embeddable":true,"href":"https:\/\/jackofallthetrades.com\/index.php\/wp-json\/wp\/v2\/comments?post=12"}],"version-history":[{"count":6,"href":"https:\/\/jackofallthetrades.com\/index.php\/wp-json\/wp\/v2\/pages\/12\/revisions"}],"predecessor-version":[{"id":670,"href":"https:\/\/jackofallthetrades.com\/index.php\/wp-json\/wp\/v2\/pages\/12\/revisions\/670"}],"wp:attachment":[{"href":"https:\/\/jackofallthetrades.com\/index.php\/wp-json\/wp\/v2\/media?parent=12"}],"curies":[{"name":"wp","href":"https:\/\/api.w.org\/{rel}","templated":true}]}}