{"id":269,"date":"2021-05-19T07:40:40","date_gmt":"2021-05-19T07:40:40","guid":{"rendered":"https:\/\/jackofallthetrades.com\/index.php\/about\/"},"modified":"2022-12-27T05:20:39","modified_gmt":"2022-12-27T05:20:39","slug":"about","status":"publish","type":"page","link":"https:\/\/jackofallthetrades.com\/index.php\/about\/","title":{"rendered":"\u00dcber mich"},"content":{"rendered":"\t\t<div data-elementor-type=\"wp-page\" data-elementor-id=\"269\" class=\"elementor elementor-269\">\n\t\t\t\t\t\t<section class=\"elementor-section elementor-top-section elementor-element elementor-element-ca6f879 elementor-section-height-min-height elementor-reverse-mobile elementor-section-boxed elementor-section-height-default elementor-section-items-middle\" data-id=\"ca6f879\" data-element_type=\"section\" data-settings=\"{&quot;background_background&quot;:&quot;classic&quot;}\">\n\t\t\t\t\t\t\t<div class=\"elementor-background-overlay\"><\/div>\n\t\t\t\t\t\t\t<div class=\"elementor-container elementor-column-gap-no\">\n\t\t\t\t\t<div class=\"elementor-column elementor-col-50 elementor-top-column elementor-element elementor-element-4ea8cc7\" data-id=\"4ea8cc7\" data-element_type=\"column\">\n\t\t\t<div class=\"elementor-widget-wrap elementor-element-populated\">\n\t\t\t\t\t\t<div class=\"elementor-element elementor-element-d0fd1e6 elementor-widget-divider--view-line elementor-widget elementor-widget-divider\" data-id=\"d0fd1e6\" data-element_type=\"widget\" data-widget_type=\"divider.default\">\n\t\t\t\t<div class=\"elementor-widget-container\">\n\t\t\t<style>\/*! elementor - v3.21.0 - 08-05-2024 *\/\n.elementor-widget-divider{--divider-border-style:none;--divider-border-width:1px;--divider-color:#0c0d0e;--divider-icon-size:20px;--divider-element-spacing:10px;--divider-pattern-height:24px;--divider-pattern-size:20px;--divider-pattern-url:none;--divider-pattern-repeat:repeat-x}.elementor-widget-divider .elementor-divider{display:flex}.elementor-widget-divider .elementor-divider__text{font-size:15px;line-height:1;max-width:95%}.elementor-widget-divider .elementor-divider__element{margin:0 var(--divider-element-spacing);flex-shrink:0}.elementor-widget-divider .elementor-icon{font-size:var(--divider-icon-size)}.elementor-widget-divider .elementor-divider-separator{display:flex;margin:0;direction:ltr}.elementor-widget-divider--view-line_icon .elementor-divider-separator,.elementor-widget-divider--view-line_text .elementor-divider-separator{align-items:center}.elementor-widget-divider--view-line_icon .elementor-divider-separator:after,.elementor-widget-divider--view-line_icon .elementor-divider-separator:before,.elementor-widget-divider--view-line_text .elementor-divider-separator:after,.elementor-widget-divider--view-line_text .elementor-divider-separator:before{display:block;content:\"\";border-block-end:0;flex-grow:1;border-block-start:var(--divider-border-width) var(--divider-border-style) var(--divider-color)}.elementor-widget-divider--element-align-left .elementor-divider .elementor-divider-separator>.elementor-divider__svg:first-of-type{flex-grow:0;flex-shrink:100}.elementor-widget-divider--element-align-left .elementor-divider-separator:before{content:none}.elementor-widget-divider--element-align-left .elementor-divider__element{margin-left:0}.elementor-widget-divider--element-align-right .elementor-divider .elementor-divider-separator>.elementor-divider__svg:last-of-type{flex-grow:0;flex-shrink:100}.elementor-widget-divider--element-align-right .elementor-divider-separator:after{content:none}.elementor-widget-divider--element-align-right .elementor-divider__element{margin-right:0}.elementor-widget-divider--element-align-start .elementor-divider .elementor-divider-separator>.elementor-divider__svg:first-of-type{flex-grow:0;flex-shrink:100}.elementor-widget-divider--element-align-start .elementor-divider-separator:before{content:none}.elementor-widget-divider--element-align-start .elementor-divider__element{margin-inline-start:0}.elementor-widget-divider--element-align-end .elementor-divider .elementor-divider-separator>.elementor-divider__svg:last-of-type{flex-grow:0;flex-shrink:100}.elementor-widget-divider--element-align-end .elementor-divider-separator:after{content:none}.elementor-widget-divider--element-align-end .elementor-divider__element{margin-inline-end:0}.elementor-widget-divider:not(.elementor-widget-divider--view-line_text):not(.elementor-widget-divider--view-line_icon) .elementor-divider-separator{border-block-start:var(--divider-border-width) var(--divider-border-style) var(--divider-color)}.elementor-widget-divider--separator-type-pattern{--divider-border-style:none}.elementor-widget-divider--separator-type-pattern.elementor-widget-divider--view-line .elementor-divider-separator,.elementor-widget-divider--separator-type-pattern:not(.elementor-widget-divider--view-line) .elementor-divider-separator:after,.elementor-widget-divider--separator-type-pattern:not(.elementor-widget-divider--view-line) .elementor-divider-separator:before,.elementor-widget-divider--separator-type-pattern:not([class*=elementor-widget-divider--view]) .elementor-divider-separator{width:100%;min-height:var(--divider-pattern-height);-webkit-mask-size:var(--divider-pattern-size) 100%;mask-size:var(--divider-pattern-size) 100%;-webkit-mask-repeat:var(--divider-pattern-repeat);mask-repeat:var(--divider-pattern-repeat);background-color:var(--divider-color);-webkit-mask-image:var(--divider-pattern-url);mask-image:var(--divider-pattern-url)}.elementor-widget-divider--no-spacing{--divider-pattern-size:auto}.elementor-widget-divider--bg-round{--divider-pattern-repeat:round}.rtl .elementor-widget-divider .elementor-divider__text{direction:rtl}.e-con-inner>.elementor-widget-divider,.e-con>.elementor-widget-divider{width:var(--container-widget-width,100%);--flex-grow:var(--container-widget-flex-grow)}<\/style>\t\t<div class=\"elementor-divider\">\n\t\t\t<span class=\"elementor-divider-separator\">\n\t\t\t\t\t\t<\/span>\n\t\t<\/div>\n\t\t\t\t<\/div>\n\t\t\t\t<\/div>\n\t\t\t\t<div class=\"elementor-element elementor-element-3111399 elementor-widget elementor-widget-heading\" data-id=\"3111399\" data-element_type=\"widget\" data-widget_type=\"heading.default\">\n\t\t\t\t<div class=\"elementor-widget-container\">\n\t\t\t<style>\/*! elementor - v3.21.0 - 08-05-2024 *\/\n.elementor-heading-title{padding:0;margin:0;line-height:1}.elementor-widget-heading .elementor-heading-title[class*=elementor-size-]>a{color:inherit;font-size:inherit;line-height:inherit}.elementor-widget-heading .elementor-heading-title.elementor-size-small{font-size:15px}.elementor-widget-heading .elementor-heading-title.elementor-size-medium{font-size:19px}.elementor-widget-heading .elementor-heading-title.elementor-size-large{font-size:29px}.elementor-widget-heading .elementor-heading-title.elementor-size-xl{font-size:39px}.elementor-widget-heading .elementor-heading-title.elementor-size-xxl{font-size:59px}<\/style><h1 class=\"elementor-heading-title elementor-size-default\">\u00dcber mich<\/h1>\t\t<\/div>\n\t\t\t\t<\/div>\n\t\t\t\t\t<\/div>\n\t\t<\/div>\n\t\t\t\t<div class=\"elementor-column elementor-col-50 elementor-top-column elementor-element elementor-element-37226cc\" data-id=\"37226cc\" data-element_type=\"column\">\n\t\t\t<div class=\"elementor-widget-wrap elementor-element-populated\">\n\t\t\t\t\t\t<div class=\"elementor-element elementor-element-a2a62d8 elementor-widget elementor-widget-image\" data-id=\"a2a62d8\" data-element_type=\"widget\" data-widget_type=\"image.default\">\n\t\t\t\t<div class=\"elementor-widget-container\">\n\t\t\t<style>\/*! elementor - v3.21.0 - 08-05-2024 *\/\n.elementor-widget-image{text-align:center}.elementor-widget-image a{display:inline-block}.elementor-widget-image a img[src$=\".svg\"]{width:48px}.elementor-widget-image img{vertical-align:middle;display:inline-block}<\/style>\t\t\t\t\t\t\t\t\t\t<img fetchpriority=\"high\" decoding=\"async\" width=\"670\" height=\"670\" src=\"https:\/\/jackofallthetrades.com\/wp-content\/uploads\/2021\/05\/bg-06-free-img.jpg\" class=\"attachment-full size-full wp-image-273\" alt=\"\" srcset=\"https:\/\/jackofallthetrades.com\/wp-content\/uploads\/2021\/05\/bg-06-free-img.jpg 670w, https:\/\/jackofallthetrades.com\/wp-content\/uploads\/2021\/05\/bg-06-free-img-300x300.jpg 300w, https:\/\/jackofallthetrades.com\/wp-content\/uploads\/2021\/05\/bg-06-free-img-150x150.jpg 150w\" sizes=\"(max-width: 670px) 100vw, 670px\" \/>\t\t\t\t\t\t\t\t\t\t\t\t\t<\/div>\n\t\t\t\t<\/div>\n\t\t\t\t\t<\/div>\n\t\t<\/div>\n\t\t\t\t\t<\/div>\n\t\t<\/section>\n\t\t\t\t<section class=\"elementor-section elementor-top-section elementor-element elementor-element-e3db4fa elementor-section-height-min-height elementor-section-boxed elementor-section-height-default elementor-section-items-middle\" data-id=\"e3db4fa\" data-element_type=\"section\">\n\t\t\t\t\t\t<div class=\"elementor-container elementor-column-gap-no\">\n\t\t\t\t\t<div class=\"elementor-column elementor-col-100 elementor-top-column elementor-element elementor-element-155a445\" data-id=\"155a445\" data-element_type=\"column\">\n\t\t\t<div class=\"elementor-widget-wrap elementor-element-populated\">\n\t\t\t\t\t\t<div class=\"elementor-element elementor-element-5820e06 elementor-widget elementor-widget-heading\" data-id=\"5820e06\" data-element_type=\"widget\" data-widget_type=\"heading.default\">\n\t\t\t\t<div class=\"elementor-widget-container\">\n\t\t\t<h5 class=\"elementor-heading-title elementor-size-default\">Hey! Ich bin Faiz Khan. Qualit\u00e4t, Perfektion, Kreativit\u00e4t und unterst\u00fctzendes Handeln begleiten mich bereits mein Leben lang. Meine Leidenschaft f\u00fcr den digitalen Bereich habe ich im Jahr 2016 in die Praxis umgesetzt.\n\nDurch zahlreiche Unternehmensberatungen im Bereich der Online-Sichtbarkeit und Social Media habe ich die Erfahrung gemacht, dass der richtige Mix aus Unterst\u00fctzung und Beratung den Menschen am meisten hilft, sich selbst weiter zu entwickeln und ihre Perspektiven zu \u00e4ndern.\n\nIch bemerkte, dass es mir am Herzen liegt, Unternehmen dabei zu begleiten, ihren Online-Auftritt aufzubauen und zu optimieren.\n\nDu als Selbst\u00e4ndiger oder Kleinunternehmer hast mit mir eine Beraterin und Webdesignerin an deiner Seite, die f\u00fcr deine Firma den geeigneten Webauftritt findet und gestaltet.\n\nMeine Aufgabe ist es dich auf deinem Weg zu deinem authentischen Online-Auftritt zu unterst\u00fctzen.<\/h5>\t\t<\/div>\n\t\t\t\t<\/div>\n\t\t\t\t\t<\/div>\n\t\t<\/div>\n\t\t\t\t\t<\/div>\n\t\t<\/section>\n\t\t\t\t<section class=\"elementor-section elementor-top-section elementor-element elementor-element-0a8c215 elementor-section-boxed elementor-section-height-default elementor-section-height-default\" data-id=\"0a8c215\" data-element_type=\"section\" data-settings=\"{&quot;background_background&quot;:&quot;classic&quot;}\">\n\t\t\t\t\t\t<div class=\"elementor-container elementor-column-gap-no\">\n\t\t\t\t\t<div class=\"elementor-column elementor-col-100 elementor-top-column elementor-element elementor-element-db26ca2\" data-id=\"db26ca2\" data-element_type=\"column\">\n\t\t\t<div class=\"elementor-widget-wrap elementor-element-populated\">\n\t\t\t\t\t\t<div class=\"elementor-element elementor-element-5490410 elementor-widget__width-auto elementor-widget elementor-widget-heading\" data-id=\"5490410\" data-element_type=\"widget\" data-widget_type=\"heading.default\">\n\t\t\t\t<div class=\"elementor-widget-container\">\n\t\t\t<h2 class=\"elementor-heading-title elementor-size-default\">Services<\/h2>\t\t<\/div>\n\t\t\t\t<\/div>\n\t\t\t\t<div class=\"elementor-element elementor-element-3358966 elementor-widget__width-auto elementor-view-default elementor-widget elementor-widget-icon\" data-id=\"3358966\" data-element_type=\"widget\" data-widget_type=\"icon.default\">\n\t\t\t\t<div class=\"elementor-widget-container\">\n\t\t\t\t\t<div class=\"elementor-icon-wrapper\">\n\t\t\t<a class=\"elementor-icon elementor-animation-float\" href=\"#\">\n\t\t\t<svg xmlns=\"http:\/\/www.w3.org\/2000\/svg\" viewBox=\"0 0 2048 2048\"><path d=\"M6.125 1088h1797.89l-402.976 403 89.994 90L2048 1024l-556.966-557-89.994 90 402.976 403H6.125v128z\"><\/path><\/svg>\t\t\t<\/a>\n\t\t<\/div>\n\t\t\t\t<\/div>\n\t\t\t\t<\/div>\n\t\t\t\t\t<\/div>\n\t\t<\/div>\n\t\t\t\t\t<\/div>\n\t\t<\/section>\n\t\t\t\t<\/div>\n\t\t","protected":false},"excerpt":{"rendered":"<p>\u00dcber mich Hey! Ich bin Faiz Khan. Qualit\u00e4t, Perfektion, Kreativit\u00e4t und unterst\u00fctzendes Handeln begleiten mich bereits mein Leben lang. Meine Leidenschaft f\u00fcr den digitalen Bereich habe ich im Jahr 2016 in die Praxis umgesetzt. Durch zahlreiche Unternehmensberatungen im Bereich der Online-Sichtbarkeit und Social Media habe ich die Erfahrung gemacht, dass der richtige Mix aus Unterst\u00fctzung &hellip;<\/p>\n<p class=\"read-more\"> <a class=\"\" href=\"https:\/\/jackofallthetrades.com\/index.php\/about\/\"> <span class=\"screen-reader-text\">\u00dcber mich<\/span> Read More &raquo;<\/a><\/p>\n","protected":false},"author":1,"featured_media":0,"parent":0,"menu_order":0,"comment_status":"closed","ping_status":"closed","template":"","meta":{"site-sidebar-layout":"no-sidebar","site-content-layout":"page-builder","ast-global-header-display":"","ast-main-header-display":"","ast-hfb-above-header-display":"","ast-hfb-below-header-display":"","ast-hfb-mobile-header-display":"","site-post-title":"disabled","ast-breadcrumbs-content":"disabled","ast-featured-img":"disabled","footer-sml-layout":"","theme-transparent-header-meta":"enabled","adv-header-id-meta":"","stick-header-meta":"","header-above-stick-meta":"","header-main-stick-meta":"","header-below-stick-meta":""},"yoast_head":"<!-- This site is optimized with the Yoast SEO plugin v19.13 - https:\/\/yoast.com\/wordpress\/plugins\/seo\/ -->\n<title>\u00dcber mich - All Marketing trades<\/title>\n<meta name=\"robots\" content=\"index, follow, max-snippet:-1, max-image-preview:large, max-video-preview:-1\" \/>\n<link rel=\"canonical\" href=\"https:\/\/jackofallthetrades.com\/index.php\/about\/\" \/>\n<meta property=\"og:locale\" content=\"en_US\" \/>\n<meta property=\"og:type\" content=\"article\" \/>\n<meta property=\"og:title\" content=\"\u00dcber mich - All Marketing trades\" \/>\n<meta property=\"og:description\" content=\"\u00dcber mich Hey! Ich bin Faiz Khan. Qualit\u00e4t, Perfektion, Kreativit\u00e4t und unterst\u00fctzendes Handeln begleiten mich bereits mein Leben lang. Meine Leidenschaft f\u00fcr den digitalen Bereich habe ich im Jahr 2016 in die Praxis umgesetzt. Durch zahlreiche Unternehmensberatungen im Bereich der Online-Sichtbarkeit und Social Media habe ich die Erfahrung gemacht, dass der richtige Mix aus Unterst\u00fctzung &hellip; \u00dcber mich Read More &raquo;\" \/>\n<meta property=\"og:url\" content=\"https:\/\/jackofallthetrades.com\/index.php\/about\/\" \/>\n<meta property=\"og:site_name\" content=\"All Marketing trades\" \/>\n<meta property=\"article:publisher\" content=\"https:\/\/www.facebook.com\/faizkhan.co\" \/>\n<meta property=\"article:modified_time\" content=\"2022-12-27T05:20:39+00:00\" \/>\n<meta property=\"og:image\" content=\"https:\/\/jackofallthetrades.com\/wp-content\/uploads\/2021\/05\/bg-06-free-img.jpg\" \/>\n<meta name=\"twitter:card\" content=\"summary_large_image\" \/>\n<meta name=\"twitter:label1\" content=\"Est. reading time\" \/>\n\t<meta name=\"twitter:data1\" content=\"2 minutes\" \/>\n<script type=\"application\/ld+json\" class=\"yoast-schema-graph\">{\"@context\":\"https:\/\/schema.org\",\"@graph\":[{\"@type\":\"WebPage\",\"@id\":\"https:\/\/jackofallthetrades.com\/index.php\/about\/\",\"url\":\"https:\/\/jackofallthetrades.com\/index.php\/about\/\",\"name\":\"\u00dcber mich - All Marketing trades\",\"isPartOf\":{\"@id\":\"https:\/\/jackofallthetrades.com\/#website\"},\"datePublished\":\"2021-05-19T07:40:40+00:00\",\"dateModified\":\"2022-12-27T05:20:39+00:00\",\"breadcrumb\":{\"@id\":\"https:\/\/jackofallthetrades.com\/index.php\/about\/#breadcrumb\"},\"inLanguage\":\"en-US\",\"potentialAction\":[{\"@type\":\"ReadAction\",\"target\":[\"https:\/\/jackofallthetrades.com\/index.php\/about\/\"]}]},{\"@type\":\"BreadcrumbList\",\"@id\":\"https:\/\/jackofallthetrades.com\/index.php\/about\/#breadcrumb\",\"itemListElement\":[{\"@type\":\"ListItem\",\"position\":1,\"name\":\"Home\",\"item\":\"https:\/\/jackofallthetrades.com\/\"},{\"@type\":\"ListItem\",\"position\":2,\"name\":\"\u00dcber mich\"}]},{\"@type\":\"WebSite\",\"@id\":\"https:\/\/jackofallthetrades.com\/#website\",\"url\":\"https:\/\/jackofallthetrades.com\/\",\"name\":\"All Marketing trades\",\"description\":\"Jack of all Marketing trades\",\"publisher\":{\"@id\":\"https:\/\/jackofallthetrades.com\/#\/schema\/person\/99795899b496fa29e704a83a624c432b\"},\"potentialAction\":[{\"@type\":\"SearchAction\",\"target\":{\"@type\":\"EntryPoint\",\"urlTemplate\":\"https:\/\/jackofallthetrades.com\/?s={search_term_string}\"},\"query-input\":\"required name=search_term_string\"}],\"inLanguage\":\"en-US\"},{\"@type\":[\"Person\",\"Organization\"],\"@id\":\"https:\/\/jackofallthetrades.com\/#\/schema\/person\/99795899b496fa29e704a83a624c432b\",\"name\":\"faizkhan.on\",\"image\":{\"@type\":\"ImageObject\",\"inLanguage\":\"en-US\",\"@id\":\"https:\/\/jackofallthetrades.com\/#\/schema\/person\/image\/\",\"url\":\"https:\/\/jackofallthetrades.com\/wp-content\/uploads\/2022\/12\/bigstock-197568808.jpg\",\"contentUrl\":\"https:\/\/jackofallthetrades.com\/wp-content\/uploads\/2022\/12\/bigstock-197568808.jpg\",\"width\":1000,\"height\":500,\"caption\":\"faizkhan.on\"},\"logo\":{\"@id\":\"https:\/\/jackofallthetrades.com\/#\/schema\/person\/image\/\"},\"sameAs\":[\"https:\/\/jackofallthetrades.com\",\"https:\/\/www.facebook.com\/faizkhan.co\",\"https:\/\/www.instagram.com\/imfaizkn\/\"]}]}<\/script>\n<!-- \/ Yoast SEO plugin. -->","yoast_head_json":{"title":"\u00dcber mich - All Marketing trades","robots":{"index":"index","follow":"follow","max-snippet":"max-snippet:-1","max-image-preview":"max-image-preview:large","max-video-preview":"max-video-preview:-1"},"canonical":"https:\/\/jackofallthetrades.com\/index.php\/about\/","og_locale":"en_US","og_type":"article","og_title":"\u00dcber mich - All Marketing trades","og_description":"\u00dcber mich Hey! Ich bin Faiz Khan. Qualit\u00e4t, Perfektion, Kreativit\u00e4t und unterst\u00fctzendes Handeln begleiten mich bereits mein Leben lang. Meine Leidenschaft f\u00fcr den digitalen Bereich habe ich im Jahr 2016 in die Praxis umgesetzt. Durch zahlreiche Unternehmensberatungen im Bereich der Online-Sichtbarkeit und Social Media habe ich die Erfahrung gemacht, dass der richtige Mix aus Unterst\u00fctzung &hellip; \u00dcber mich Read More &raquo;","og_url":"https:\/\/jackofallthetrades.com\/index.php\/about\/","og_site_name":"All Marketing trades","article_publisher":"https:\/\/www.facebook.com\/faizkhan.co","article_modified_time":"2022-12-27T05:20:39+00:00","og_image":[{"url":"https:\/\/jackofallthetrades.com\/wp-content\/uploads\/2021\/05\/bg-06-free-img.jpg"}],"twitter_card":"summary_large_image","twitter_misc":{"Est. reading time":"2 minutes"},"schema":{"@context":"https:\/\/schema.org","@graph":[{"@type":"WebPage","@id":"https:\/\/jackofallthetrades.com\/index.php\/about\/","url":"https:\/\/jackofallthetrades.com\/index.php\/about\/","name":"\u00dcber mich - All Marketing trades","isPartOf":{"@id":"https:\/\/jackofallthetrades.com\/#website"},"datePublished":"2021-05-19T07:40:40+00:00","dateModified":"2022-12-27T05:20:39+00:00","breadcrumb":{"@id":"https:\/\/jackofallthetrades.com\/index.php\/about\/#breadcrumb"},"inLanguage":"en-US","potentialAction":[{"@type":"ReadAction","target":["https:\/\/jackofallthetrades.com\/index.php\/about\/"]}]},{"@type":"BreadcrumbList","@id":"https:\/\/jackofallthetrades.com\/index.php\/about\/#breadcrumb","itemListElement":[{"@type":"ListItem","position":1,"name":"Home","item":"https:\/\/jackofallthetrades.com\/"},{"@type":"ListItem","position":2,"name":"\u00dcber mich"}]},{"@type":"WebSite","@id":"https:\/\/jackofallthetrades.com\/#website","url":"https:\/\/jackofallthetrades.com\/","name":"All Marketing trades","description":"Jack of all Marketing trades","publisher":{"@id":"https:\/\/jackofallthetrades.com\/#\/schema\/person\/99795899b496fa29e704a83a624c432b"},"potentialAction":[{"@type":"SearchAction","target":{"@type":"EntryPoint","urlTemplate":"https:\/\/jackofallthetrades.com\/?s={search_term_string}"},"query-input":"required name=search_term_string"}],"inLanguage":"en-US"},{"@type":["Person","Organization"],"@id":"https:\/\/jackofallthetrades.com\/#\/schema\/person\/99795899b496fa29e704a83a624c432b","name":"faizkhan.on","image":{"@type":"ImageObject","inLanguage":"en-US","@id":"https:\/\/jackofallthetrades.com\/#\/schema\/person\/image\/","url":"https:\/\/jackofallthetrades.com\/wp-content\/uploads\/2022\/12\/bigstock-197568808.jpg","contentUrl":"https:\/\/jackofallthetrades.com\/wp-content\/uploads\/2022\/12\/bigstock-197568808.jpg","width":1000,"height":500,"caption":"faizkhan.on"},"logo":{"@id":"https:\/\/jackofallthetrades.com\/#\/schema\/person\/image\/"},"sameAs":["https:\/\/jackofallthetrades.com","https:\/\/www.facebook.com\/faizkhan.co","https:\/\/www.instagram.com\/imfaizkn\/"]}]}},"_links":{"self":[{"href":"https:\/\/jackofallthetrades.com\/index.php\/wp-json\/wp\/v2\/pages\/269"}],"collection":[{"href":"https:\/\/jackofallthetrades.com\/index.php\/wp-json\/wp\/v2\/pages"}],"about":[{"href":"https:\/\/jackofallthetrades.com\/index.php\/wp-json\/wp\/v2\/types\/page"}],"author":[{"embeddable":true,"href":"https:\/\/jackofallthetrades.com\/index.php\/wp-json\/wp\/v2\/users\/1"}],"replies":[{"embeddable":true,"href":"https:\/\/jackofallthetrades.com\/index.php\/wp-json\/wp\/v2\/comments?post=269"}],"version-history":[{"count":8,"href":"https:\/\/jackofallthetrades.com\/index.php\/wp-json\/wp\/v2\/pages\/269\/revisions"}],"predecessor-version":[{"id":547,"href":"https:\/\/jackofallthetrades.com\/index.php\/wp-json\/wp\/v2\/pages\/269\/revisions\/547"}],"wp:attachment":[{"href":"https:\/\/jackofallthetrades.com\/index.php\/wp-json\/wp\/v2\/media?parent=269"}],"curies":[{"name":"wp","href":"https:\/\/api.w.org\/{rel}","templated":true}]}}