{"id":660,"date":"2022-12-27T07:18:17","date_gmt":"2022-12-27T07:18:17","guid":{"rendered":"https:\/\/jackofallthetrades.com\/?page_id=660"},"modified":"2023-12-25T04:24:44","modified_gmt":"2023-12-25T04:24:44","slug":"blogs","status":"publish","type":"page","link":"https:\/\/jackofallthetrades.com\/index.php\/blogs\/","title":{"rendered":"Blog"},"content":{"rendered":"\t\t<div data-elementor-type=\"wp-page\" data-elementor-id=\"660\" class=\"elementor elementor-660\">\n\t\t\t\t\t\t<section class=\"elementor-section elementor-top-section elementor-element elementor-element-9150e5b elementor-section-boxed elementor-section-height-default elementor-section-height-default\" data-id=\"9150e5b\" data-element_type=\"section\">\n\t\t\t\t\t\t<div class=\"elementor-container elementor-column-gap-default\">\n\t\t\t\t\t<div class=\"elementor-column elementor-col-100 elementor-top-column elementor-element elementor-element-4d552b0\" data-id=\"4d552b0\" data-element_type=\"column\">\n\t\t\t<div class=\"elementor-widget-wrap elementor-element-populated\">\n\t\t\t\t\t\t<div class=\"elementor-element elementor-element-ba45bc1 elementor-widget elementor-widget-heading\" data-id=\"ba45bc1\" data-element_type=\"widget\" data-widget_type=\"heading.default\">\n\t\t\t\t<div class=\"elementor-widget-container\">\n\t\t\t<style>\/*! elementor - v3.21.0 - 08-05-2024 *\/\n.elementor-heading-title{padding:0;margin:0;line-height:1}.elementor-widget-heading .elementor-heading-title[class*=elementor-size-]>a{color:inherit;font-size:inherit;line-height:inherit}.elementor-widget-heading .elementor-heading-title.elementor-size-small{font-size:15px}.elementor-widget-heading .elementor-heading-title.elementor-size-medium{font-size:19px}.elementor-widget-heading .elementor-heading-title.elementor-size-large{font-size:29px}.elementor-widget-heading .elementor-heading-title.elementor-size-xl{font-size:39px}.elementor-widget-heading .elementor-heading-title.elementor-size-xxl{font-size:59px}<\/style><h2 class=\"elementor-heading-title elementor-size-default\">Jack of all trades f\u00fcr marketing<\/h2>\t\t<\/div>\n\t\t\t\t<\/div>\n\t\t\t\t\t<\/div>\n\t\t<\/div>\n\t\t\t\t\t<\/div>\n\t\t<\/section>\n\t\t\t\t<section class=\"elementor-section elementor-top-section elementor-element elementor-element-3e5df416 elementor-section-boxed elementor-section-height-default elementor-section-height-default\" data-id=\"3e5df416\" data-element_type=\"section\">\n\t\t\t\t\t\t<div class=\"elementor-container elementor-column-gap-default\">\n\t\t\t\t\t<div class=\"elementor-column elementor-col-100 elementor-top-column elementor-element elementor-element-24d1a24e\" data-id=\"24d1a24e\" data-element_type=\"column\">\n\t\t\t<div class=\"elementor-widget-wrap elementor-element-populated\">\n\t\t\t\t\t\t<div class=\"elementor-element elementor-element-7622e263 elementor-widget elementor-widget-text-editor\" data-id=\"7622e263\" data-element_type=\"widget\" data-widget_type=\"text-editor.default\">\n\t\t\t\t<div class=\"elementor-widget-container\">\n\t\t\t<style>\/*! elementor - v3.21.0 - 08-05-2024 *\/\n.elementor-widget-text-editor.elementor-drop-cap-view-stacked .elementor-drop-cap{background-color:#69727d;color:#fff}.elementor-widget-text-editor.elementor-drop-cap-view-framed .elementor-drop-cap{color:#69727d;border:3px solid;background-color:transparent}.elementor-widget-text-editor:not(.elementor-drop-cap-view-default) .elementor-drop-cap{margin-top:8px}.elementor-widget-text-editor:not(.elementor-drop-cap-view-default) .elementor-drop-cap-letter{width:1em;height:1em}.elementor-widget-text-editor .elementor-drop-cap{float:left;text-align:center;line-height:1;font-size:50px}.elementor-widget-text-editor .elementor-drop-cap-letter{display:inline-block}<\/style>\t\t\t\t<h3><br><\/h3>\n<h4><span style=\"text-decoration: underline;\">Der Allrounder im Marketing: Ein unverzichtbarer Partner f\u00fcr Ihren Erfolg.<\/span><\/h4>\n<p>In der schnelllebigen Welt des Online-Marketings sind Allrounder gefragter denn je. Diese Marketingprofis verf\u00fcgen \u00fcber ein breites Spektrum an F\u00e4higkeiten und Kenntnissen, das ihnen erm\u00f6glicht, nahtlos zwischen verschiedenen Bereichen zu wechseln und ein ganzheitliches Marketingkonzept zu erstellen. Sie sind die Meister der Anpassungsf\u00e4higkeit, die komplexe Marketingstrategien auf einfache Weise umsetzen und Ihrem Unternehmen zu unschlagbaren Ergebnissen verhelfen k\u00f6nnen.<\/p>\n<p><span style=\"text-decoration: underline;\"><strong>Die Vorteile eines Allrounders:<\/strong><\/span><\/p>\n<p>Kosteneffiziente L\u00f6sungen: Allrounder vermeiden unn\u00f6tige Kosten, indem sie mehrere Bereiche selbst bearbeiten und so auf teure Agenturen oder externe Spezialisten verzichten k\u00f6nnen.<\/p>\n<p>Schnelle Ergebnisse: Allrounder sind in der Lage, schnell und effizient auf Marktver\u00e4nderungen und Kundenbed\u00fcrfnisse zu reagieren, was zu einer beschleunigten Umsetzung Ihrer Marketingziele f\u00fchrt.<\/p>\n<p>Einheitliches Konzept: Allrounder sorgen f\u00fcr eine einheitliche Markenidentit\u00e4t und ein koh\u00e4rentes Marketingerlebnis f\u00fcr Ihre Kunden, unabh\u00e4ngig von den eingesetzten Kan\u00e4len.<\/p>\n<p>Vertrauensvolle Partnerschaft: Allrounder bauen eine enge Beziehung zu ihren Kunden auf und verstehen ihre spezifischen Bed\u00fcrfnisse und Gesch\u00e4ftsziele genau.<\/p>\n<p>Weiterbildung und Innovation: Allrounder sind stets auf dem Laufenden mit den neuesten Trends, Technologien und Marketingstrategien und sorgen so daf\u00fcr, dass Ihr Unternehmen am Puls der Zeit bleibt.<\/p>\n<p><strong><span style=\"text-decoration: underline;\">Warum sollten Sie einen Allrounder f\u00fcr Ihr Marketing w\u00e4hlen?<\/span><\/strong><\/p>\n<p>Sie erhalten einen Experten f\u00fcr alle Bereiche des Marketings: Ein Allrounder kann Ihr gesamtes Marketing-Portfolio betreuen, von der Erstellung von Inhalten bis zur Optimierung Ihrer Website.<\/p>\n<p>Sie sparen Zeit und Ressourcen: Anstatt mehrere Spezialisten zu beauftragen, k\u00f6nnen Sie alle Ihre Marketingaufgaben an einen einzigen Allrounder delegieren, was Ihnen wertvolle Zeit und Ressourcen schenkt.<\/p>\n<p>Sie erhalten eine pers\u00f6nliche Betreuung: Allrounder sind nicht nur Experten, sondern auch engagierte Partner, die sich f\u00fcr den Erfolg Ihres Unternehmens einsetzen.<\/p>\n<p>Sie erhalten einen ma\u00dfgeschneiderten Ansatz: Allrounder erstellen ein individuelles Marketingkonzept, das perfekt auf Ihre Bed\u00fcrfnisse und Ziele abgestimmt ist.<\/p>\n<p><strong><span style=\"text-decoration: underline;\">Der Allrounder: Ihr Schl\u00fcssel zum digitalen Erfolg<\/span><\/strong><\/p>\n<p>In der komplexen Welt des Online-Marketings sind Allrounder die unverzichtbaren Partner, die Ihr Unternehmen zum Erfolg f\u00fchren. Mit ihrem breiten Fachwissen, ihrer Anpassungsf\u00e4higkeit und ihrem pers\u00f6nlichen Engagement sorgen sie daf\u00fcr, dass Ihre Marketingziele erreicht werden und Sie sich im digitalen Raum erfolgreich positionieren.<\/p>\n<p>Lassen Sie uns gemeinsam Ihren Marketingerfolg gestalten!<\/p>\t\t\t\t\t\t<\/div>\n\t\t\t\t<\/div>\n\t\t\t\t\t<\/div>\n\t\t<\/div>\n\t\t\t\t\t<\/div>\n\t\t<\/section>\n\t\t\t\t<\/div>\n\t\t","protected":false},"excerpt":{"rendered":"<p>Jack of all trades f\u00fcr marketing Der Allrounder im Marketing: Ein unverzichtbarer Partner f\u00fcr Ihren Erfolg. In der schnelllebigen Welt des Online-Marketings sind Allrounder gefragter denn je. Diese Marketingprofis verf\u00fcgen \u00fcber ein breites Spektrum an F\u00e4higkeiten und Kenntnissen, das ihnen erm\u00f6glicht, nahtlos zwischen verschiedenen Bereichen zu wechseln und ein ganzheitliches Marketingkonzept zu erstellen. Sie sind &hellip;<\/p>\n<p class=\"read-more\"> <a class=\"\" href=\"https:\/\/jackofallthetrades.com\/index.php\/blogs\/\"> <span class=\"screen-reader-text\">Blog<\/span> Read More &raquo;<\/a><\/p>\n","protected":false},"author":1,"featured_media":0,"parent":0,"menu_order":0,"comment_status":"closed","ping_status":"closed","template":"","meta":{"site-sidebar-layout":"default","site-content-layout":"default","ast-global-header-display":"","ast-main-header-display":"","ast-hfb-above-header-display":"","ast-hfb-below-header-display":"","ast-hfb-mobile-header-display":"","site-post-title":"","ast-breadcrumbs-content":"","ast-featured-img":"","footer-sml-layout":"","theme-transparent-header-meta":"","adv-header-id-meta":"","stick-header-meta":"","header-above-stick-meta":"","header-main-stick-meta":"","header-below-stick-meta":""},"yoast_head":"<!-- This site is optimized with the Yoast SEO plugin v19.13 - https:\/\/yoast.com\/wordpress\/plugins\/seo\/ -->\n<title>Blog - All Marketing trades<\/title>\n<meta name=\"robots\" content=\"index, follow, max-snippet:-1, max-image-preview:large, max-video-preview:-1\" \/>\n<link rel=\"canonical\" href=\"https:\/\/jackofallthetrades.com\/index.php\/blogs\/\" \/>\n<meta property=\"og:locale\" content=\"en_US\" \/>\n<meta property=\"og:type\" content=\"article\" \/>\n<meta property=\"og:title\" content=\"Blog - All Marketing trades\" \/>\n<meta property=\"og:description\" content=\"Jack of all trades f\u00fcr marketing Der Allrounder im Marketing: Ein unverzichtbarer Partner f\u00fcr Ihren Erfolg. In der schnelllebigen Welt des Online-Marketings sind Allrounder gefragter denn je. Diese Marketingprofis verf\u00fcgen \u00fcber ein breites Spektrum an F\u00e4higkeiten und Kenntnissen, das ihnen erm\u00f6glicht, nahtlos zwischen verschiedenen Bereichen zu wechseln und ein ganzheitliches Marketingkonzept zu erstellen. Sie sind &hellip; Blog Read More &raquo;\" \/>\n<meta property=\"og:url\" content=\"https:\/\/jackofallthetrades.com\/index.php\/blogs\/\" \/>\n<meta property=\"og:site_name\" content=\"All Marketing trades\" \/>\n<meta property=\"article:publisher\" content=\"https:\/\/www.facebook.com\/faizkhan.co\" \/>\n<meta property=\"article:modified_time\" content=\"2023-12-25T04:24:44+00:00\" \/>\n<meta name=\"twitter:card\" content=\"summary_large_image\" \/>\n<meta name=\"twitter:label1\" content=\"Est. reading time\" \/>\n\t<meta name=\"twitter:data1\" content=\"2 minutes\" \/>\n<script type=\"application\/ld+json\" class=\"yoast-schema-graph\">{\"@context\":\"https:\/\/schema.org\",\"@graph\":[{\"@type\":\"WebPage\",\"@id\":\"https:\/\/jackofallthetrades.com\/index.php\/blogs\/\",\"url\":\"https:\/\/jackofallthetrades.com\/index.php\/blogs\/\",\"name\":\"Blog - All Marketing trades\",\"isPartOf\":{\"@id\":\"https:\/\/jackofallthetrades.com\/#website\"},\"datePublished\":\"2022-12-27T07:18:17+00:00\",\"dateModified\":\"2023-12-25T04:24:44+00:00\",\"breadcrumb\":{\"@id\":\"https:\/\/jackofallthetrades.com\/index.php\/blogs\/#breadcrumb\"},\"inLanguage\":\"en-US\",\"potentialAction\":[{\"@type\":\"ReadAction\",\"target\":[\"https:\/\/jackofallthetrades.com\/index.php\/blogs\/\"]}]},{\"@type\":\"BreadcrumbList\",\"@id\":\"https:\/\/jackofallthetrades.com\/index.php\/blogs\/#breadcrumb\",\"itemListElement\":[{\"@type\":\"ListItem\",\"position\":1,\"name\":\"Home\",\"item\":\"https:\/\/jackofallthetrades.com\/\"},{\"@type\":\"ListItem\",\"position\":2,\"name\":\"Blog\"}]},{\"@type\":\"WebSite\",\"@id\":\"https:\/\/jackofallthetrades.com\/#website\",\"url\":\"https:\/\/jackofallthetrades.com\/\",\"name\":\"All Marketing trades\",\"description\":\"Jack of all Marketing trades\",\"publisher\":{\"@id\":\"https:\/\/jackofallthetrades.com\/#\/schema\/person\/99795899b496fa29e704a83a624c432b\"},\"potentialAction\":[{\"@type\":\"SearchAction\",\"target\":{\"@type\":\"EntryPoint\",\"urlTemplate\":\"https:\/\/jackofallthetrades.com\/?s={search_term_string}\"},\"query-input\":\"required name=search_term_string\"}],\"inLanguage\":\"en-US\"},{\"@type\":[\"Person\",\"Organization\"],\"@id\":\"https:\/\/jackofallthetrades.com\/#\/schema\/person\/99795899b496fa29e704a83a624c432b\",\"name\":\"faizkhan.on\",\"image\":{\"@type\":\"ImageObject\",\"inLanguage\":\"en-US\",\"@id\":\"https:\/\/jackofallthetrades.com\/#\/schema\/person\/image\/\",\"url\":\"https:\/\/jackofallthetrades.com\/wp-content\/uploads\/2022\/12\/bigstock-197568808.jpg\",\"contentUrl\":\"https:\/\/jackofallthetrades.com\/wp-content\/uploads\/2022\/12\/bigstock-197568808.jpg\",\"width\":1000,\"height\":500,\"caption\":\"faizkhan.on\"},\"logo\":{\"@id\":\"https:\/\/jackofallthetrades.com\/#\/schema\/person\/image\/\"},\"sameAs\":[\"https:\/\/jackofallthetrades.com\",\"https:\/\/www.facebook.com\/faizkhan.co\",\"https:\/\/www.instagram.com\/imfaizkn\/\"]}]}<\/script>\n<!-- \/ Yoast SEO plugin. -->","yoast_head_json":{"title":"Blog - All Marketing trades","robots":{"index":"index","follow":"follow","max-snippet":"max-snippet:-1","max-image-preview":"max-image-preview:large","max-video-preview":"max-video-preview:-1"},"canonical":"https:\/\/jackofallthetrades.com\/index.php\/blogs\/","og_locale":"en_US","og_type":"article","og_title":"Blog - All Marketing trades","og_description":"Jack of all trades f\u00fcr marketing Der Allrounder im Marketing: Ein unverzichtbarer Partner f\u00fcr Ihren Erfolg. In der schnelllebigen Welt des Online-Marketings sind Allrounder gefragter denn je. Diese Marketingprofis verf\u00fcgen \u00fcber ein breites Spektrum an F\u00e4higkeiten und Kenntnissen, das ihnen erm\u00f6glicht, nahtlos zwischen verschiedenen Bereichen zu wechseln und ein ganzheitliches Marketingkonzept zu erstellen. Sie sind &hellip; Blog Read More &raquo;","og_url":"https:\/\/jackofallthetrades.com\/index.php\/blogs\/","og_site_name":"All Marketing trades","article_publisher":"https:\/\/www.facebook.com\/faizkhan.co","article_modified_time":"2023-12-25T04:24:44+00:00","twitter_card":"summary_large_image","twitter_misc":{"Est. reading time":"2 minutes"},"schema":{"@context":"https:\/\/schema.org","@graph":[{"@type":"WebPage","@id":"https:\/\/jackofallthetrades.com\/index.php\/blogs\/","url":"https:\/\/jackofallthetrades.com\/index.php\/blogs\/","name":"Blog - All Marketing trades","isPartOf":{"@id":"https:\/\/jackofallthetrades.com\/#website"},"datePublished":"2022-12-27T07:18:17+00:00","dateModified":"2023-12-25T04:24:44+00:00","breadcrumb":{"@id":"https:\/\/jackofallthetrades.com\/index.php\/blogs\/#breadcrumb"},"inLanguage":"en-US","potentialAction":[{"@type":"ReadAction","target":["https:\/\/jackofallthetrades.com\/index.php\/blogs\/"]}]},{"@type":"BreadcrumbList","@id":"https:\/\/jackofallthetrades.com\/index.php\/blogs\/#breadcrumb","itemListElement":[{"@type":"ListItem","position":1,"name":"Home","item":"https:\/\/jackofallthetrades.com\/"},{"@type":"ListItem","position":2,"name":"Blog"}]},{"@type":"WebSite","@id":"https:\/\/jackofallthetrades.com\/#website","url":"https:\/\/jackofallthetrades.com\/","name":"All Marketing trades","description":"Jack of all Marketing trades","publisher":{"@id":"https:\/\/jackofallthetrades.com\/#\/schema\/person\/99795899b496fa29e704a83a624c432b"},"potentialAction":[{"@type":"SearchAction","target":{"@type":"EntryPoint","urlTemplate":"https:\/\/jackofallthetrades.com\/?s={search_term_string}"},"query-input":"required name=search_term_string"}],"inLanguage":"en-US"},{"@type":["Person","Organization"],"@id":"https:\/\/jackofallthetrades.com\/#\/schema\/person\/99795899b496fa29e704a83a624c432b","name":"faizkhan.on","image":{"@type":"ImageObject","inLanguage":"en-US","@id":"https:\/\/jackofallthetrades.com\/#\/schema\/person\/image\/","url":"https:\/\/jackofallthetrades.com\/wp-content\/uploads\/2022\/12\/bigstock-197568808.jpg","contentUrl":"https:\/\/jackofallthetrades.com\/wp-content\/uploads\/2022\/12\/bigstock-197568808.jpg","width":1000,"height":500,"caption":"faizkhan.on"},"logo":{"@id":"https:\/\/jackofallthetrades.com\/#\/schema\/person\/image\/"},"sameAs":["https:\/\/jackofallthetrades.com","https:\/\/www.facebook.com\/faizkhan.co","https:\/\/www.instagram.com\/imfaizkn\/"]}]}},"_links":{"self":[{"href":"https:\/\/jackofallthetrades.com\/index.php\/wp-json\/wp\/v2\/pages\/660"}],"collection":[{"href":"https:\/\/jackofallthetrades.com\/index.php\/wp-json\/wp\/v2\/pages"}],"about":[{"href":"https:\/\/jackofallthetrades.com\/index.php\/wp-json\/wp\/v2\/types\/page"}],"author":[{"embeddable":true,"href":"https:\/\/jackofallthetrades.com\/index.php\/wp-json\/wp\/v2\/users\/1"}],"replies":[{"embeddable":true,"href":"https:\/\/jackofallthetrades.com\/index.php\/wp-json\/wp\/v2\/comments?post=660"}],"version-history":[{"count":17,"href":"https:\/\/jackofallthetrades.com\/index.php\/wp-json\/wp\/v2\/pages\/660\/revisions"}],"predecessor-version":[{"id":778,"href":"https:\/\/jackofallthetrades.com\/index.php\/wp-json\/wp\/v2\/pages\/660\/revisions\/778"}],"wp:attachment":[{"href":"https:\/\/jackofallthetrades.com\/index.php\/wp-json\/wp\/v2\/media?parent=660"}],"curies":[{"name":"wp","href":"https:\/\/api.w.org\/{rel}","templated":true}]}}